{"id":23404,"date":"2022-08-31T15:33:14","date_gmt":"2022-08-31T12:33:14","guid":{"rendered":"https:\/\/penhad.com\/membership-form\/"},"modified":"2022-09-01T23:33:42","modified_gmt":"2022-09-01T20:33:42","slug":"membership-form","status":"publish","type":"page","link":"https:\/\/penhad.com\/en\/membership-form\/","title":{"rendered":"Membership Form"},"content":{"rendered":"\t\t<div data-elementor-type=\"wp-page\" data-elementor-id=\"23404\" class=\"elementor elementor-23404 elementor-22715\">\n\t\t\t\t\t\t<section class=\"elementor-section elementor-top-section elementor-element elementor-element-385cb8b elementor-section-full_width elementor-section-height-min-height elementor-section-height-default elementor-section-items-middle sc_fly_static\" data-id=\"385cb8b\" data-element_type=\"section\" data-e-type=\"section\" data-settings=\"{&quot;background_background&quot;:&quot;classic&quot;}\">\n\t\t\t\t\t\t<div class=\"elementor-container elementor-column-gap-no\">\n\t\t\t\t\t<div class=\"elementor-column elementor-col-100 elementor-top-column elementor-element elementor-element-ad33a0b sc_content_align_inherit sc_layouts_column_icons_position_left sc_fly_static\" data-id=\"ad33a0b\" data-element_type=\"column\" data-e-type=\"column\">\n\t\t\t<div class=\"elementor-widget-wrap\">\n\t\t\t\t\t\t\t<\/div>\n\t\t<\/div>\n\t\t\t\t\t<\/div>\n\t\t<\/section>\n\t\t\t\t<section class=\"elementor-section elementor-top-section elementor-element elementor-element-9679721 elementor-section-boxed elementor-section-height-default elementor-section-height-default sc_fly_static\" data-id=\"9679721\" data-element_type=\"section\" data-e-type=\"section\">\n\t\t\t\t\t\t<div class=\"elementor-container elementor-column-gap-extended\">\n\t\t\t\t\t<div class=\"elementor-column elementor-col-100 elementor-top-column elementor-element elementor-element-4de3911 sc_content_align_inherit sc_layouts_column_icons_position_left sc_fly_static\" data-id=\"4de3911\" data-element_type=\"column\" data-e-type=\"column\">\n\t\t\t<div class=\"elementor-widget-wrap elementor-element-populated\">\n\t\t\t\t\t\t<div class=\"elementor-element elementor-element-db97f29 sc_fly_static elementor-widget elementor-widget-spacer\" data-id=\"db97f29\" data-element_type=\"widget\" data-e-type=\"widget\" data-widget_type=\"spacer.default\">\n\t\t\t\t<div class=\"elementor-widget-container\">\n\t\t\t\t\t\t\t<div class=\"elementor-spacer\">\n\t\t\t<div class=\"elementor-spacer-inner\"><\/div>\n\t\t<\/div>\n\t\t\t\t\t\t<\/div>\n\t\t\t\t<\/div>\n\t\t\t\t<div class=\"elementor-element elementor-element-b072113 sc_fly_static elementor-widget elementor-widget-trx_sc_title\" data-id=\"b072113\" data-element_type=\"widget\" data-e-type=\"widget\" data-widget_type=\"trx_sc_title.default\">\n\t\t\t\t<div class=\"elementor-widget-container\">\n\t\t\t\t\t<div\t\tclass=\"sc_title sc_title_accent\" ><span class=\"sc_item_subtitle sc_title_subtitle sc_item_subtitle_above sc_item_title_style_accent\">Join Us<\/span><h2 class=\"sc_item_title sc_title_title sc_item_title_style_accent\"\n\t\t\t><span class=\"sc_item_title_text\">With You, We are Bigger<\/span><\/h2><div class=\"sc_item_descr sc_title_descr\"><p>Become a member of the PENHAD family and develop yourself with different experiences by gaining new experiences. Fill out the form to get started right away and we'll call you.<\/p>\n<\/div><\/div>\t\t\t\t<\/div>\n\t\t\t\t<\/div>\n\t\t\t\t<div class=\"elementor-element elementor-element-b27784e sc_fly_static elementor-widget elementor-widget-spacer\" data-id=\"b27784e\" data-element_type=\"widget\" data-e-type=\"widget\" data-widget_type=\"spacer.default\">\n\t\t\t\t<div class=\"elementor-widget-container\">\n\t\t\t\t\t\t\t<div class=\"elementor-spacer\">\n\t\t\t<div class=\"elementor-spacer-inner\"><\/div>\n\t\t<\/div>\n\t\t\t\t\t\t<\/div>\n\t\t\t\t<\/div>\n\t\t\t\t\t<\/div>\n\t\t<\/div>\n\t\t\t\t\t<\/div>\n\t\t<\/section>\n\t\t\t\t<section class=\"elementor-section elementor-top-section elementor-element elementor-element-cde504c elementor-section-boxed elementor-section-height-default elementor-section-height-default sc_fly_static\" data-id=\"cde504c\" data-element_type=\"section\" data-e-type=\"section\">\n\t\t\t\t\t\t<div class=\"elementor-container elementor-column-gap-extended\">\n\t\t\t\t\t<div class=\"elementor-column elementor-col-50 elementor-top-column elementor-element elementor-element-ce429a6 sc_content_align_inherit sc_layouts_column_icons_position_left sc_fly_static\" data-id=\"ce429a6\" data-element_type=\"column\" data-e-type=\"column\">\n\t\t\t<div class=\"elementor-widget-wrap elementor-element-populated\">\n\t\t\t\t\t\t<div class=\"elementor-element elementor-element-a4ec597 sc_fly_static elementor-widget elementor-widget-shortcode\" data-id=\"a4ec597\" data-element_type=\"widget\" data-e-type=\"widget\" data-widget_type=\"shortcode.default\">\n\t\t\t\t<div class=\"elementor-widget-container\">\n\t\t\t\t\t\t\t<div class=\"elementor-shortcode\">\n\t\t\t\t\t\t<script>\n\t\t\t\t\t\t\twindow.hsFormsOnReady = window.hsFormsOnReady || [];\n\t\t\t\t\t\t\twindow.hsFormsOnReady.push(()=>{\n\t\t\t\t\t\t\t\thbspt.forms.create({\n\t\t\t\t\t\t\t\t\tportalId: 26202847,\n\t\t\t\t\t\t\t\t\tformId: \"a516cbd0-8868-4c11-aa4b-5aa364c2adb3\",\n\t\t\t\t\t\t\t\t\ttarget: \"#hbspt-form-1776401829000-1190298443\",\n\t\t\t\t\t\t\t\t\tregion: \"eu1\",\n\t\t\t\t\t\t\t\t\t\n\t\t\t\t\t\t\t})});\n\t\t\t\t\t\t<\/script>\n\t\t\t\t\t\t<div class=\"hbspt-form\" id=\"hbspt-form-1776401829000-1190298443\"><\/div><\/div>\n\t\t\t\t\t\t<\/div>\n\t\t\t\t<\/div>\n\t\t\t\t<div class=\"elementor-element elementor-element-6e1658a sc_fly_static elementor-widget elementor-widget-spacer\" data-id=\"6e1658a\" data-element_type=\"widget\" data-e-type=\"widget\" data-widget_type=\"spacer.default\">\n\t\t\t\t<div class=\"elementor-widget-container\">\n\t\t\t\t\t\t\t<div class=\"elementor-spacer\">\n\t\t\t<div class=\"elementor-spacer-inner\"><\/div>\n\t\t<\/div>\n\t\t\t\t\t\t<\/div>\n\t\t\t\t<\/div>\n\t\t\t\t<div class=\"elementor-element elementor-element-ad2a641 sc_fly_static elementor-widget elementor-widget-trx_widget_video\" data-id=\"ad2a641\" data-element_type=\"widget\" data-e-type=\"widget\" data-widget_type=\"trx_widget_video.default\">\n\t\t\t\t<div class=\"elementor-widget-container\">\n\t\t\t\t\t<div class=\"widget_area sc_widget_video\"><aside class=\"widget widget_video\"><div id=\"sc_video_470172068\" class=\"trx_addons_video_player without_cover\"><div class=\"video_embed video_frame\"><iframe width=\"560\" height=\"315\" src=\"https:\/\/www.youtube-nocookie.com\/embed\/P70Hj_Fvvbc?autoplay=1\" title=\"YouTube video player\"  allow=\"autoplay;accelerometer; autoplay=\" clipboard-write=\"\" encrypted-media=\"\" gyroscope=\"\" picture-in-picture=\"\" allowfullscreen=\"\"><\/iframe><\/div><\/div><\/aside><\/div>\t\t\t\t<\/div>\n\t\t\t\t<\/div>\n\t\t\t\t\t<\/div>\n\t\t<\/div>\n\t\t\t\t<div class=\"elementor-column elementor-col-50 elementor-top-column elementor-element elementor-element-810eb44 sc_content_align_inherit sc_layouts_column_icons_position_left sc_fly_static\" data-id=\"810eb44\" data-element_type=\"column\" data-e-type=\"column\">\n\t\t\t<div class=\"elementor-widget-wrap elementor-element-populated\">\n\t\t\t\t\t\t<div class=\"elementor-element elementor-element-e57ce3a sc_height_tiny sc_fly_static elementor-widget elementor-widget-spacer\" data-id=\"e57ce3a\" data-element_type=\"widget\" data-e-type=\"widget\" data-widget_type=\"spacer.default\">\n\t\t\t\t<div class=\"elementor-widget-container\">\n\t\t\t\t\t\t\t<div class=\"elementor-spacer\">\n\t\t\t<div class=\"elementor-spacer-inner\"><\/div>\n\t\t<\/div>\n\t\t\t\t\t\t<\/div>\n\t\t\t\t<\/div>\n\t\t\t\t<div class=\"elementor-element elementor-element-bb86b34 sc_fly_static elementor-widget elementor-widget-trx_sc_price\" data-id=\"bb86b34\" data-element_type=\"widget\" data-e-type=\"widget\" data-widget_type=\"trx_sc_price.default\">\n\t\t\t\t<div class=\"elementor-widget-container\">\n\t\t\t\t\t<div  \n\tclass=\"sc_price sc_price_metro\"><div class=\"sc_price_content sc_item_content\"><div class=\"sc_price_item sc_price_item_metro\">\n\t\t\t<div class=\"sc_price_item_label\">Monthly<\/div><div class=\"sc_price_item_inner\"><div class=\"sc_price_item_info_top\"><h3 class=\"sc_price_item_title\"><span>Membership Fee<\/span><\/h3><h6 class=\"sc_price_item_subtitle\"><span>2022-2023 Season<\/span><\/h6><\/div><div class=\"sc_price_item_info\"><div class=\"sc_price_item_price\"><span class=\"sc_price_item_price_before\">TL<\/span><span class=\"sc_price_item_price_value\">150<\/span><\/div><div class=\"sc_price_item_details\"><p>Please note:<\/p><ul><li>Parental consent required for trainees under 18<\/li><\/ul><\/div><\/div><!-- \/.sc_price_item_info --><\/div><!-- \/.sc_price_item_inner --><\/div><\/div><\/div><!-- \/.sc_price -->\t\t\t\t<\/div>\n\t\t\t\t<\/div>\n\t\t\t\t<div class=\"elementor-element elementor-element-c337c57 sc_height_small sc_fly_static elementor-widget elementor-widget-spacer\" data-id=\"c337c57\" data-element_type=\"widget\" data-e-type=\"widget\" data-widget_type=\"spacer.default\">\n\t\t\t\t<div class=\"elementor-widget-container\">\n\t\t\t\t\t\t\t<div class=\"elementor-spacer\">\n\t\t\t<div class=\"elementor-spacer-inner\"><\/div>\n\t\t<\/div>\n\t\t\t\t\t\t<\/div>\n\t\t\t\t<\/div>\n\t\t\t\t<div class=\"elementor-element elementor-element-50cf19b sc_fly_static elementor-widget elementor-widget-trx_sc_title\" data-id=\"50cf19b\" data-element_type=\"widget\" data-e-type=\"widget\" data-widget_type=\"trx_sc_title.default\">\n\t\t\t\t<div class=\"elementor-widget-container\">\n\t\t\t\t\t<div\t\tclass=\"sc_title sc_title_accent\" ><span class=\"sc_item_subtitle sc_title_subtitle sc_item_subtitle_above sc_item_title_style_accent\">PENHAD Difference<\/span><h2 class=\"sc_item_title sc_title_title sc_item_title_style_accent sc_item_title_tag\"\n\t\t\t><span class=\"sc_item_title_text\">What are we doing?<\/span><\/h2><div class=\"sc_item_descr sc_title_descr\"><p>Some of what we will do throughout the year<\/p>\n<\/div><\/div>\t\t\t\t<\/div>\n\t\t\t\t<\/div>\n\t\t\t\t<div class=\"elementor-element elementor-element-f4bfbc1 sc_height_tiny sc_fly_static elementor-widget elementor-widget-spacer\" data-id=\"f4bfbc1\" data-element_type=\"widget\" data-e-type=\"widget\" data-widget_type=\"spacer.default\">\n\t\t\t\t<div class=\"elementor-widget-container\">\n\t\t\t\t\t\t\t<div class=\"elementor-spacer\">\n\t\t\t<div class=\"elementor-spacer-inner\"><\/div>\n\t\t<\/div>\n\t\t\t\t\t\t<\/div>\n\t\t\t\t<\/div>\n\t\t\t\t<div class=\"elementor-element elementor-element-2ae8964 sc_fly_static elementor-widget elementor-widget-trx_sc_icons\" data-id=\"2ae8964\" data-element_type=\"widget\" data-e-type=\"widget\" data-widget_type=\"trx_sc_icons.default\">\n\t\t\t\t<div class=\"elementor-widget-container\">\n\t\t\t\t\t<div \tclass=\"sc_icons sc_icons_plate sc_icons_size_medium sc_align_center\" ><div class=\"sc_icons_columns_wrap sc_item_columns trx_addons_columns_wrap columns_padding_bottom\" ><div class=\"trx_addons_column-1_2\"><div class=\"sc_icons_item with_more\"><div class=\"sc_icons_icon sc_icon_type_ icon-check-2\" ><span class=\"sc_icon_type_ icon-check-2\"><\/span><\/div><div class=\"sc_icons_item_details\"><h4 class=\"sc_icons_item_title\"><span>Regular Training<\/span><\/h4><div class=\"sc_icons_item_description\"><span>Dicipline-specific training programs and days<\/span><\/div><\/div><\/div><\/div><div class=\"trx_addons_column-1_2\"><div class=\"sc_icons_item with_more\"><div class=\"sc_icons_icon sc_icon_type_ icon-star-empty\" ><span class=\"sc_icon_type_ icon-star-empty\"><\/span><\/div><div class=\"sc_icons_item_details\"><h4 class=\"sc_icons_item_title\"><span>Festivals<\/span><\/h4><div class=\"sc_icons_item_description\"><span>Take part in national and international festivals<\/span><\/div><\/div><\/div><\/div><div class=\"trx_addons_column-1_2\"><div class=\"sc_icons_item with_more\"><div class=\"sc_icons_icon sc_icon_type_ icon-certificates\" ><span class=\"sc_icon_type_ icon-certificates\"><\/span><\/div><div class=\"sc_icons_item_details\"><h4 class=\"sc_icons_item_title\"><span>Shows<\/span><\/h4><div class=\"sc_icons_item_description\"><span>We exhibit our work done throughout the year together<\/span><\/div><\/div><\/div><\/div><div class=\"trx_addons_column-1_2\"><div class=\"sc_icons_item with_more\"><div class=\"sc_icons_icon sc_icon_type_ icon-sport\" ><span class=\"sc_icon_type_ icon-sport\"><\/span><\/div><div class=\"sc_icons_item_details\"><h4 class=\"sc_icons_item_title\"><span>Events<\/span><\/h4><div class=\"sc_icons_item_description\"><span>Join the different events we organize, from picnics to karaoke, from football to volleyball.<\/span><\/div><\/div><\/div><\/div><\/div><\/div><!-- \/.sc_icons -->\t\t\t\t<\/div>\n\t\t\t\t<\/div>\n\t\t\t\t\t<\/div>\n\t\t<\/div>\n\t\t\t\t\t<\/div>\n\t\t<\/section>\n\t\t\t\t<\/div>\n\t\t","protected":false},"excerpt":{"rendered":"<p>Join Us With You, We are Bigger Become a member of the PENHAD family and develop yourself with different experiences by gaining new experiences. Fill out the form to get&hellip;<\/p>\n","protected":false},"author":1,"featured_media":0,"parent":0,"menu_order":0,"comment_status":"closed","ping_status":"closed","template":"","meta":{"content-type":"","inline_featured_image":false,"footnotes":""},"class_list":["post-23404","page","type-page","status-publish","hentry"],"yoast_head":"<!-- This site is optimized with the Yoast SEO plugin v27.4 - https:\/\/yoast.com\/product\/yoast-seo-wordpress\/ -->\n<title>Membership Form - PENHAD | Pendik Halk Danslar\u0131 Toplulu\u011fu Derne\u011fi<\/title>\n<meta name=\"robots\" content=\"index, follow, max-snippet:-1, max-image-preview:large, max-video-preview:-1\" \/>\n<link rel=\"canonical\" href=\"https:\/\/penhad.com\/en\/membership-form\/\" \/>\n<meta property=\"og:locale\" content=\"en_US\" \/>\n<meta property=\"og:type\" content=\"article\" \/>\n<meta property=\"og:title\" content=\"Membership Form - PENHAD | Pendik Halk Danslar\u0131 Toplulu\u011fu Derne\u011fi\" \/>\n<meta property=\"og:description\" content=\"Join Us With You, We are Bigger Become a member of the PENHAD family and develop yourself with different experiences by gaining new experiences. Fill out the form to get&hellip;\" \/>\n<meta property=\"og:url\" content=\"https:\/\/penhad.com\/en\/membership-form\/\" \/>\n<meta property=\"og:site_name\" content=\"PENHAD | Pendik Halk Danslar\u0131 Toplulu\u011fu Derne\u011fi\" \/>\n<meta property=\"article:publisher\" content=\"https:\/\/facebook.com\/penhadfolklor\" \/>\n<meta property=\"article:modified_time\" content=\"2022-09-01T20:33:42+00:00\" \/>\n<meta name=\"twitter:card\" content=\"summary_large_image\" \/>\n<meta name=\"twitter:label1\" content=\"Est. reading time\" \/>\n\t<meta name=\"twitter:data1\" content=\"1 minute\" \/>\n<script type=\"application\/ld+json\" class=\"yoast-schema-graph\">{\"@context\":\"https:\\\/\\\/schema.org\",\"@graph\":[{\"@type\":\"WebPage\",\"@id\":\"https:\\\/\\\/penhad.com\\\/en\\\/membership-form\\\/\",\"url\":\"https:\\\/\\\/penhad.com\\\/en\\\/membership-form\\\/\",\"name\":\"Membership Form - PENHAD | Pendik Halk Danslar\u0131 Toplulu\u011fu Derne\u011fi\",\"isPartOf\":{\"@id\":\"https:\\\/\\\/penhad.com\\\/#website\"},\"datePublished\":\"2022-08-31T12:33:14+00:00\",\"dateModified\":\"2022-09-01T20:33:42+00:00\",\"breadcrumb\":{\"@id\":\"https:\\\/\\\/penhad.com\\\/en\\\/membership-form\\\/#breadcrumb\"},\"inLanguage\":\"en-US\",\"potentialAction\":[{\"@type\":\"ReadAction\",\"target\":[\"https:\\\/\\\/penhad.com\\\/en\\\/membership-form\\\/\"]}]},{\"@type\":\"BreadcrumbList\",\"@id\":\"https:\\\/\\\/penhad.com\\\/en\\\/membership-form\\\/#breadcrumb\",\"itemListElement\":[{\"@type\":\"ListItem\",\"position\":1,\"name\":\"Anasayfa\",\"item\":\"https:\\\/\\\/penhad.com\\\/en\\\/\"},{\"@type\":\"ListItem\",\"position\":2,\"name\":\"Membership Form\"}]},{\"@type\":\"WebSite\",\"@id\":\"https:\\\/\\\/penhad.com\\\/#website\",\"url\":\"https:\\\/\\\/penhad.com\\\/\",\"name\":\"PENHAD | Pendik Halk Danslar\u0131 Toplulu\u011fu Derne\u011fi\",\"description\":\"1984&#039;den Bug\u00fcne K\u00fclt\u00fcr El\u00e7isi\",\"publisher\":{\"@id\":\"https:\\\/\\\/penhad.com\\\/#organization\"},\"potentialAction\":[{\"@type\":\"SearchAction\",\"target\":{\"@type\":\"EntryPoint\",\"urlTemplate\":\"https:\\\/\\\/penhad.com\\\/?s={search_term_string}\"},\"query-input\":{\"@type\":\"PropertyValueSpecification\",\"valueRequired\":true,\"valueName\":\"search_term_string\"}}],\"inLanguage\":\"en-US\"},{\"@type\":\"Organization\",\"@id\":\"https:\\\/\\\/penhad.com\\\/#organization\",\"name\":\"PENHAD | Pendik Halk Danslar\u0131 Toplulu\u011fu Derne\u011fi\",\"url\":\"https:\\\/\\\/penhad.com\\\/\",\"logo\":{\"@type\":\"ImageObject\",\"inLanguage\":\"en-US\",\"@id\":\"https:\\\/\\\/penhad.com\\\/#\\\/schema\\\/logo\\\/image\\\/\",\"url\":\"https:\\\/\\\/penhad.com\\\/wp-content\\\/uploads\\\/2022\\\/08\\\/penha_logo_png_white_@1x.png\",\"contentUrl\":\"https:\\\/\\\/penhad.com\\\/wp-content\\\/uploads\\\/2022\\\/08\\\/penha_logo_png_white_@1x.png\",\"width\":538,\"height\":111,\"caption\":\"PENHAD | Pendik Halk Danslar\u0131 Toplulu\u011fu Derne\u011fi\"},\"image\":{\"@id\":\"https:\\\/\\\/penhad.com\\\/#\\\/schema\\\/logo\\\/image\\\/\"},\"sameAs\":[\"https:\\\/\\\/facebook.com\\\/penhadfolklor\",\"https:\\\/\\\/instagram.com\\\/penhadofficial\"]}]}<\/script>\n<!-- \/ Yoast SEO plugin. -->","yoast_head_json":{"title":"Membership Form - PENHAD | Pendik Halk Danslar\u0131 Toplulu\u011fu Derne\u011fi","robots":{"index":"index","follow":"follow","max-snippet":"max-snippet:-1","max-image-preview":"max-image-preview:large","max-video-preview":"max-video-preview:-1"},"canonical":"https:\/\/penhad.com\/en\/membership-form\/","og_locale":"en_US","og_type":"article","og_title":"Membership Form - PENHAD | Pendik Halk Danslar\u0131 Toplulu\u011fu Derne\u011fi","og_description":"Join Us With You, We are Bigger Become a member of the PENHAD family and develop yourself with different experiences by gaining new experiences. Fill out the form to get&hellip;","og_url":"https:\/\/penhad.com\/en\/membership-form\/","og_site_name":"PENHAD | Pendik Halk Danslar\u0131 Toplulu\u011fu Derne\u011fi","article_publisher":"https:\/\/facebook.com\/penhadfolklor","article_modified_time":"2022-09-01T20:33:42+00:00","twitter_card":"summary_large_image","twitter_misc":{"Est. reading time":"1 minute"},"schema":{"@context":"https:\/\/schema.org","@graph":[{"@type":"WebPage","@id":"https:\/\/penhad.com\/en\/membership-form\/","url":"https:\/\/penhad.com\/en\/membership-form\/","name":"Membership Form - PENHAD | Pendik Halk Danslar\u0131 Toplulu\u011fu Derne\u011fi","isPartOf":{"@id":"https:\/\/penhad.com\/#website"},"datePublished":"2022-08-31T12:33:14+00:00","dateModified":"2022-09-01T20:33:42+00:00","breadcrumb":{"@id":"https:\/\/penhad.com\/en\/membership-form\/#breadcrumb"},"inLanguage":"en-US","potentialAction":[{"@type":"ReadAction","target":["https:\/\/penhad.com\/en\/membership-form\/"]}]},{"@type":"BreadcrumbList","@id":"https:\/\/penhad.com\/en\/membership-form\/#breadcrumb","itemListElement":[{"@type":"ListItem","position":1,"name":"Anasayfa","item":"https:\/\/penhad.com\/en\/"},{"@type":"ListItem","position":2,"name":"Membership Form"}]},{"@type":"WebSite","@id":"https:\/\/penhad.com\/#website","url":"https:\/\/penhad.com\/","name":"PENHAD | Pendik Halk Danslar\u0131 Toplulu\u011fu Derne\u011fi","description":"1984&#039;den Bug\u00fcne K\u00fclt\u00fcr El\u00e7isi","publisher":{"@id":"https:\/\/penhad.com\/#organization"},"potentialAction":[{"@type":"SearchAction","target":{"@type":"EntryPoint","urlTemplate":"https:\/\/penhad.com\/?s={search_term_string}"},"query-input":{"@type":"PropertyValueSpecification","valueRequired":true,"valueName":"search_term_string"}}],"inLanguage":"en-US"},{"@type":"Organization","@id":"https:\/\/penhad.com\/#organization","name":"PENHAD | Pendik Halk Danslar\u0131 Toplulu\u011fu Derne\u011fi","url":"https:\/\/penhad.com\/","logo":{"@type":"ImageObject","inLanguage":"en-US","@id":"https:\/\/penhad.com\/#\/schema\/logo\/image\/","url":"https:\/\/penhad.com\/wp-content\/uploads\/2022\/08\/penha_logo_png_white_@1x.png","contentUrl":"https:\/\/penhad.com\/wp-content\/uploads\/2022\/08\/penha_logo_png_white_@1x.png","width":538,"height":111,"caption":"PENHAD | Pendik Halk Danslar\u0131 Toplulu\u011fu Derne\u011fi"},"image":{"@id":"https:\/\/penhad.com\/#\/schema\/logo\/image\/"},"sameAs":["https:\/\/facebook.com\/penhadfolklor","https:\/\/instagram.com\/penhadofficial"]}]}},"_links":{"self":[{"href":"https:\/\/penhad.com\/en\/wp-json\/wp\/v2\/pages\/23404","targetHints":{"allow":["GET"]}}],"collection":[{"href":"https:\/\/penhad.com\/en\/wp-json\/wp\/v2\/pages"}],"about":[{"href":"https:\/\/penhad.com\/en\/wp-json\/wp\/v2\/types\/page"}],"author":[{"embeddable":true,"href":"https:\/\/penhad.com\/en\/wp-json\/wp\/v2\/users\/1"}],"replies":[{"embeddable":true,"href":"https:\/\/penhad.com\/en\/wp-json\/wp\/v2\/comments?post=23404"}],"version-history":[{"count":6,"href":"https:\/\/penhad.com\/en\/wp-json\/wp\/v2\/pages\/23404\/revisions"}],"predecessor-version":[{"id":23568,"href":"https:\/\/penhad.com\/en\/wp-json\/wp\/v2\/pages\/23404\/revisions\/23568"}],"wp:attachment":[{"href":"https:\/\/penhad.com\/en\/wp-json\/wp\/v2\/media?parent=23404"}],"curies":[{"name":"wp","href":"https:\/\/api.w.org\/{rel}","templated":true}]}}